{"id":15,"date":"2026-01-13T12:32:30","date_gmt":"2026-01-13T12:32:30","guid":{"rendered":"https:\/\/dervishaj-reinigungen.ch\/?page_id=15"},"modified":"2026-03-09T13:45:48","modified_gmt":"2026-03-09T13:45:48","slug":"ueber-uns","status":"publish","type":"page","link":"https:\/\/dervishaj-reinigungen.ch\/?page_id=15","title":{"rendered":"\u00dcber uns"},"content":{"rendered":"\n<p>Die <strong>Dervishaj Reinigungen GmbH<\/strong> wurde im <strong>Jahr<\/strong> <strong>1998<\/strong> als Familienbetrieb gegr\u00fcndet \u2013 gemeinsam mit einem engen Familienfreund und mit dem Ziel, zuverl\u00e4ssige Reinigungsdienstleistungen anzubieten.<\/p>\n\n\n\n<p>Im Jahr <strong>2018<\/strong> erfolgte die Umfirmierung zur heutigen <strong>Dervishaj &amp; Partner Reinigungen GmbH<\/strong>. Mit diesem Schritt wurde der Grundstein f\u00fcr eine klare Ausrichtung auf <strong>Qualit\u00e4t, Zuverl\u00e4ssigkeit und langfristige Kundenbeziehungen<\/strong> gelegt.<\/p>\n\n\n\n<p>Seit \u00fcber <strong>28 Jahren<\/strong> stehen wir f\u00fcr <strong>saubere Ergebnisse, Verl\u00e4sslichkeit und professionelles Arbeiten<\/strong>. Mit viel Engagement, Erfahrung und einem hohen Qualit\u00e4tsanspruch bieten wir umfassende <strong>Reinigungsdienstleistungen f\u00fcr Privat- und Gesch\u00e4ftskunden<\/strong> in <strong>Bettlach, Solothurn, Grenchen und der gesamten Region<\/strong>.<\/p>\n\n\n\n<p>Unser Ziel ist es, jede Aufgabe <strong>sorgf\u00e4ltig, termingerecht und individuell<\/strong> auf die Bed\u00fcrfnisse unserer Kundinnen und Kunden abgestimmt auszuf\u00fchren \u2013 denn <strong>Sauberkeit schafft Vertrauen<\/strong>.<\/p>\n\n\n\n<h3 class=\"wp-block-heading\">Unsere Werte<\/h3>\n\n\n\n<ul class=\"wp-block-list\">\n<li>Zuverl\u00e4ssigkeit<\/li>\n\n\n\n<li>Qualit\u00e4t<\/li>\n\n\n\n<li>Diskretion<\/li>\n\n\n\n<li>Langfristige Partnerschaften<\/li>\n\n\n\n<li>Kundenzufriedenheit<\/li>\n<\/ul>\n\n\n\n<p><\/p>\n","protected":false},"excerpt":{"rendered":"<p>Die Dervishaj Reinigungen GmbH wurde im Jahr 1998 als Familienbetrieb gegr\u00fcndet \u2013 gemeinsam mit einem engen Familienfreund und mit dem Ziel, zuverl\u00e4ssige Reinigungsdienstleistungen anzubieten. Im Jahr 2018 erfolgte die Umfirmierung zur heutigen Dervishaj &amp; Partner Reinigungen GmbH. Mit diesem Schritt wurde der Grundstein f\u00fcr eine klare Ausrichtung auf Qualit\u00e4t, Zuverl\u00e4ssigkeit und langfristige Kundenbeziehungen gelegt. Seit [&hellip;]<\/p>\n","protected":false},"author":1,"featured_media":0,"parent":0,"menu_order":0,"comment_status":"closed","ping_status":"closed","template":"","meta":{"footnotes":""},"class_list":["post-15","page","type-page","status-publish","hentry"],"_links":{"self":[{"href":"https:\/\/dervishaj-reinigungen.ch\/index.php?rest_route=\/wp\/v2\/pages\/15","targetHints":{"allow":["GET"]}}],"collection":[{"href":"https:\/\/dervishaj-reinigungen.ch\/index.php?rest_route=\/wp\/v2\/pages"}],"about":[{"href":"https:\/\/dervishaj-reinigungen.ch\/index.php?rest_route=\/wp\/v2\/types\/page"}],"author":[{"embeddable":true,"href":"https:\/\/dervishaj-reinigungen.ch\/index.php?rest_route=\/wp\/v2\/users\/1"}],"replies":[{"embeddable":true,"href":"https:\/\/dervishaj-reinigungen.ch\/index.php?rest_route=%2Fwp%2Fv2%2Fcomments&post=15"}],"version-history":[{"count":7,"href":"https:\/\/dervishaj-reinigungen.ch\/index.php?rest_route=\/wp\/v2\/pages\/15\/revisions"}],"predecessor-version":[{"id":186,"href":"https:\/\/dervishaj-reinigungen.ch\/index.php?rest_route=\/wp\/v2\/pages\/15\/revisions\/186"}],"wp:attachment":[{"href":"https:\/\/dervishaj-reinigungen.ch\/index.php?rest_route=%2Fwp%2Fv2%2Fmedia&parent=15"}],"curies":[{"name":"wp","href":"https:\/\/api.w.org\/{rel}","templated":true}]}}