{"id":62,"date":"2026-01-30T11:38:28","date_gmt":"2026-01-30T11:38:28","guid":{"rendered":"https:\/\/dervishaj-reinigungen.ch\/?page_id=62"},"modified":"2026-02-10T12:34:36","modified_gmt":"2026-02-10T12:34:36","slug":"hebebuehnen-vermietung","status":"publish","type":"page","link":"https:\/\/dervishaj-reinigungen.ch\/?page_id=62","title":{"rendered":"Hebeb\u00fchnen-Vermietung"},"content":{"rendered":"\n<p>Zuverl\u00e4ssige Hebeb\u00fchnen f\u00fcr Arbeiten in der H\u00f6he<\/p>\n\n\n\n<p><\/p>\n\n\n\n<h2 class=\"wp-block-heading\">Unsere Hebeb\u00fchnen<\/h2>\n\n\n\n<div class=\"wp-block-columns is-layout-flex wp-container-core-columns-is-layout-28f84493 wp-block-columns-is-layout-flex\">\n<div class=\"wp-block-column is-layout-flow wp-block-column-is-layout-flow\">\n<figure class=\"wp-block-image size-full\"><img loading=\"lazy\" decoding=\"async\" width=\"605\" height=\"333\" src=\"https:\/\/dervishaj-reinigungen.ch\/wp-content\/uploads\/2026\/01\/full_6480395a74657.png\" alt=\"\" class=\"wp-image-68\" srcset=\"https:\/\/dervishaj-reinigungen.ch\/wp-content\/uploads\/2026\/01\/full_6480395a74657.png 605w, https:\/\/dervishaj-reinigungen.ch\/wp-content\/uploads\/2026\/01\/full_6480395a74657-300x165.png 300w\" sizes=\"auto, (max-width: 605px) 100vw, 605px\" \/><\/figure>\n<\/div>\n<\/div>\n\n\n\n<h3 class=\"wp-block-heading\">\ud83d\ude9c MULTITEL MX235 \u2013 LKW-Arbeitsb\u00fchne<\/h3>\n\n\n\n<p>Die MULTITEL MX235 ist ideal f\u00fcr Arbeiten in grosser H\u00f6he und bietet maximale Reichweite sowie Sicherheit.<\/p>\n\n\n\n<p><strong>Einsatzbereiche:<\/strong><\/p>\n\n\n\n<ul class=\"wp-block-list\">\n<li>Fassaden- und Fensterreinigung<\/li>\n\n\n\n<li>Arbeiten an hohen Geb\u00e4uden<\/li>\n\n\n\n<li>Wartungs- und Montagearbeiten<\/li>\n\n\n\n<li>Industrie- und Gewerbeobjekte<\/li>\n<\/ul>\n\n\n\n<p><strong>Vorteile:<\/strong><\/p>\n\n\n\n<ul class=\"wp-block-list\">\n<li>Hohe Arbeitsh\u00f6he<\/li>\n\n\n\n<li>Stabil und leistungsstark<\/li>\n\n\n\n<li>Ideal f\u00fcr Aussenarbeiten<\/li>\n<\/ul>\n\n\n\n<figure class=\"wp-block-image size-full\"><img loading=\"lazy\" decoding=\"async\" width=\"698\" height=\"266\" src=\"https:\/\/dervishaj-reinigungen.ch\/wp-content\/uploads\/2026\/02\/Screenshot-2026-02-10-131310.jpg\" alt=\"\" class=\"wp-image-75\" srcset=\"https:\/\/dervishaj-reinigungen.ch\/wp-content\/uploads\/2026\/02\/Screenshot-2026-02-10-131310.jpg 698w, https:\/\/dervishaj-reinigungen.ch\/wp-content\/uploads\/2026\/02\/Screenshot-2026-02-10-131310-300x114.jpg 300w\" sizes=\"auto, (max-width: 698px) 100vw, 698px\" \/><\/figure>\n\n\n\n<p>MIETPREISE:<br>Instruktionspauschale Fr. 25.-<br>1\/2 Tag Fr. 280.-<br>1 Tag Fr. 450.-<br>1 Woche Fr. 1500.-<br>1 Monat Fr. 4500.-<\/p>\n\n\n\n<h3 class=\"wp-block-heading\">\ud83d\udea7 Vertikalmastb\u00fchne Toucan-10EL DE<\/h3>\n\n\n\n<p>Die Toucan-10EL DE eignet sich perfekt f\u00fcr enge Bereiche und Innenarbeiten.<\/p>\n\n\n\n<div class=\"wp-block-columns is-layout-flex wp-container-core-columns-is-layout-28f84493 wp-block-columns-is-layout-flex\">\n<div class=\"wp-block-column is-layout-flow wp-block-column-is-layout-flow\">\n<figure class=\"wp-block-image size-large\"><img loading=\"lazy\" decoding=\"async\" width=\"768\" height=\"1024\" src=\"https:\/\/dervishaj-reinigungen.ch\/wp-content\/uploads\/2026\/01\/10E-L-1-768x1024.jpg\" alt=\"\" class=\"wp-image-71\" srcset=\"https:\/\/dervishaj-reinigungen.ch\/wp-content\/uploads\/2026\/01\/10E-L-1-768x1024.jpg 768w, https:\/\/dervishaj-reinigungen.ch\/wp-content\/uploads\/2026\/01\/10E-L-1-225x300.jpg 225w, https:\/\/dervishaj-reinigungen.ch\/wp-content\/uploads\/2026\/01\/10E-L-1-1152x1536.jpg 1152w, https:\/\/dervishaj-reinigungen.ch\/wp-content\/uploads\/2026\/01\/10E-L-1-1536x2048.jpg 1536w, https:\/\/dervishaj-reinigungen.ch\/wp-content\/uploads\/2026\/01\/10E-L-1-scaled.jpg 1920w\" sizes=\"auto, (max-width: 768px) 100vw, 768px\" \/><\/figure>\n<\/div>\n<\/div>\n\n\n\n<p><strong>Einsatzbereiche:<\/strong><\/p>\n\n\n\n<ul class=\"wp-block-list\">\n<li>Innenr\u00e4ume &amp; Hallen<\/li>\n\n\n\n<li>B\u00fcro- und Industriegeb\u00e4ude<\/li>\n\n\n\n<li>Wartungs- und Reparaturarbeiten<\/li>\n\n\n\n<li>Enge Zug\u00e4nge<\/li>\n<\/ul>\n\n\n\n<p><strong>Vorteile:<\/strong><\/p>\n\n\n\n<ul class=\"wp-block-list\">\n<li>Kompakt &amp; wendig<\/li>\n\n\n\n<li>Elektrisch (leise &amp; emissionsfrei)<\/li>\n\n\n\n<li>Ideal f\u00fcr Innenbereiche<\/li>\n<\/ul>\n\n\n\n<p>MIETPREISE:<br>Instruktionspauschale Fr. 25.-<br>1 Tag Fr. 110.-<br>1 Woche Fr. 400.-<br>1 Monat Fr. 1350.-<\/p>\n\n\n\n<h2 class=\"wp-block-heading\">Mietbedingungen<\/h2>\n\n\n\n<ul class=\"wp-block-list\">\n<li>Flexible Mietdauer (kurz- oder langfristig)<\/li>\n\n\n\n<li>Abholung oder Einsatz nach Absprache<\/li>\n\n\n\n<li>Einweisung auf Wunsch m\u00f6glich<\/li>\n<\/ul>\n\n\n\n<h2 class=\"wp-block-heading\">Ihre Vorteile<\/h2>\n\n\n\n<ul class=\"wp-block-list\">\n<li>\u2714\ufe0f Moderne &amp; gepr\u00fcfte Hebeb\u00fchnen<\/li>\n\n\n\n<li>\u2714\ufe0f Flexible und faire Konditionen<\/li>\n\n\n\n<li>\u2714\ufe0f Zuverl\u00e4ssiger Service<\/li>\n\n\n\n<li>\u2714\ufe0f Schnelle Verf\u00fcgbarkeit<\/li>\n<\/ul>\n\n\n\n<h2 class=\"wp-block-heading\">Datenblatt <\/h2>\n\n\n<iframe loading=\"lazy\" class=\"embed-pdf-viewer\" src=\"https:\/\/dervishaj-reinigungen.ch\/wp-content\/uploads\/2026\/02\/Toucan-10EL_DE.pdf\" height=\"600\" width=\"600\" title=\"Array\"><\/iframe>\n\n\n<h2 class=\"wp-block-heading\"><\/h2>\n\n\n\n<h3 class=\"wp-block-heading\"><\/h3>\n\n\n\n<p><\/p>\n\n\n\n<p><\/p>\n","protected":false},"excerpt":{"rendered":"<p>Zuverl\u00e4ssige Hebeb\u00fchnen f\u00fcr Arbeiten in der H\u00f6he Unsere Hebeb\u00fchnen \ud83d\ude9c MULTITEL MX235 \u2013 LKW-Arbeitsb\u00fchne Die MULTITEL MX235 ist ideal f\u00fcr Arbeiten in grosser H\u00f6he und bietet maximale Reichweite sowie Sicherheit. Einsatzbereiche: Vorteile: MIETPREISE:Instruktionspauschale Fr. 25.-1\/2 Tag Fr. 280.-1 Tag Fr. 450.-1 Woche Fr. 1500.-1 Monat Fr. 4500.- \ud83d\udea7 Vertikalmastb\u00fchne Toucan-10EL DE Die Toucan-10EL DE eignet [&hellip;]<\/p>\n","protected":false},"author":1,"featured_media":0,"parent":0,"menu_order":0,"comment_status":"closed","ping_status":"closed","template":"","meta":{"footnotes":""},"class_list":["post-62","page","type-page","status-publish","hentry"],"_links":{"self":[{"href":"https:\/\/dervishaj-reinigungen.ch\/index.php?rest_route=\/wp\/v2\/pages\/62","targetHints":{"allow":["GET"]}}],"collection":[{"href":"https:\/\/dervishaj-reinigungen.ch\/index.php?rest_route=\/wp\/v2\/pages"}],"about":[{"href":"https:\/\/dervishaj-reinigungen.ch\/index.php?rest_route=\/wp\/v2\/types\/page"}],"author":[{"embeddable":true,"href":"https:\/\/dervishaj-reinigungen.ch\/index.php?rest_route=\/wp\/v2\/users\/1"}],"replies":[{"embeddable":true,"href":"https:\/\/dervishaj-reinigungen.ch\/index.php?rest_route=%2Fwp%2Fv2%2Fcomments&post=62"}],"version-history":[{"count":14,"href":"https:\/\/dervishaj-reinigungen.ch\/index.php?rest_route=\/wp\/v2\/pages\/62\/revisions"}],"predecessor-version":[{"id":87,"href":"https:\/\/dervishaj-reinigungen.ch\/index.php?rest_route=\/wp\/v2\/pages\/62\/revisions\/87"}],"wp:attachment":[{"href":"https:\/\/dervishaj-reinigungen.ch\/index.php?rest_route=%2Fwp%2Fv2%2Fmedia&parent=62"}],"curies":[{"name":"wp","href":"https:\/\/api.w.org\/{rel}","templated":true}]}}